{"id":399,"date":"2020-05-21T12:41:30","date_gmt":"2020-05-21T19:41:30","guid":{"rendered":"https:\/\/tenantsanctuary.org\/?page_id=392"},"modified":"2025-04-09T17:43:28","modified_gmt":"2025-04-10T00:43:28","slug":"contact-us-2-2","status":"publish","type":"page","link":"https:\/\/tenantsanctuary.org\/es\/contact-us-2-2\/","title":{"rendered":"En contacto con nosotros"},"content":{"rendered":"\n<p class=\"has-luminous-vivid-amber-to-luminous-vivid-orange-gradient-background has-background has-medium-font-size\"><strong>Informaci\u00f3n de contacto, direcciones y ubicaci\u00f3n<\/strong><\/p>\n\n\n\n<div class=\"wp-block-media-text alignwide is-stacked-on-mobile\"><figure class=\"wp-block-media-text__media\"><img loading=\"lazy\" decoding=\"async\" width=\"520\" height=\"492\" src=\"https:\/\/tenantsanctuary.org\/wp-content\/uploads\/2020\/05\/Screen-Shot-2020-05-21-at-12.30.55-PM.png\" alt=\"\" class=\"wp-image-395 size-full\" srcset=\"https:\/\/tenantsanctuary.org\/wp-content\/uploads\/2020\/05\/Screen-Shot-2020-05-21-at-12.30.55-PM.png 520w, https:\/\/tenantsanctuary.org\/wp-content\/uploads\/2020\/05\/Screen-Shot-2020-05-21-at-12.30.55-PM-300x284.png 300w, https:\/\/tenantsanctuary.org\/wp-content\/uploads\/2020\/05\/Screen-Shot-2020-05-21-at-12.30.55-PM-24x24.png 24w, https:\/\/tenantsanctuary.org\/wp-content\/uploads\/2020\/05\/Screen-Shot-2020-05-21-at-12.30.55-PM-36x34.png 36w, https:\/\/tenantsanctuary.org\/wp-content\/uploads\/2020\/05\/Screen-Shot-2020-05-21-at-12.30.55-PM-48x45.png 48w\" sizes=\"auto, (max-width: 520px) 100vw, 520px\" \/><\/figure><div class=\"wp-block-media-text__content\">\n<p>Direcci\u00f3n: 703 Pacific Avenue, Santa Cruz, California<\/p>\n\n\n\n<p>Tel\u00e9fono: (831) 200-0740<\/p>\n\n\n\n<p>Correo electr\u00f3nico: info@wpsetup.local<\/p>\n\n\n\n<p>Estamos justo al lado de Bike Church en el lado que da a Spruce St de la esquina de Pacific\/Spruce Street.<\/p>\n<\/div><\/div>\n\n\n\n<p class=\"has-black-color has-luminous-vivid-amber-to-luminous-vivid-orange-gradient-background has-text-color has-background has-link-color wp-elements-a718c56dc48cc24ab52420c107b32588\" style=\"font-size:20px;letter-spacing:px;text-transform:none\"><strong>IMPORTANTE &#8211; Cuando nos contacte:<\/strong><\/p>\n\n\n\n<p>Recibimos un gran volumen de llamadas y correos electr\u00f3nicos. Nuestros coordinadores hacen todo lo posible por responder a los inquilinos en un plazo razonable. Si llama fuera del horario de oficina, deje un mensaje de voz con:<\/p>\n\n\n\n<ul class=\"wp-block-list\">\n<li>Su nombre<\/li>\n\n\n\n<li>Una breve descripci\u00f3n de su situaci\u00f3n<\/li>\n\n\n\n<li>Su informaci\u00f3n de contacto<\/li>\n<\/ul>\n\n\n\n<p>Y nos pondremos en contacto con usted lo antes posible. No deje varios mensajes de voz a menos que sea necesario.<\/p>\n\n\n\n<p style=\"font-size:20px\"><strong>Si tiene alguno de los siguientes problemas:<\/strong><\/p>\n\n\n\n<ul class=\"wp-block-list\">\n<li>3 d\u00edas de remediaci\u00f3n o desalojo<\/li>\n\n\n\n<li>3 d\u00edas de pago o desalojo<\/li>\n\n\n\n<li>Retenci\u00f3n il\u00edcita<\/li>\n\n\n\n<li>Desalojo con menos de 30 d\u00edas de preaviso<\/li>\n<\/ul>\n\n\n\n<p>Env\u00edenos un correo electr\u00f3nico con el asunto \u00abUrgente\u00bb e indique el tipo de problema que tiene para que podamos ponernos en contacto con usted lo antes posible.<\/p>\n\n\n\n<p class=\"has-text-align-center has-luminous-vivid-amber-to-luminous-vivid-orange-gradient-background has-background\" style=\"font-size:31px\"><strong>Calendario de Horas y Eventos<\/strong><\/p>\n\n\n\n<iframe loading=\"lazy\" src=\"https:\/\/calendar.google.com\/calendar\/embed?src=vu5kl27svglh3td4ah2n41f1a8%40group.calendar.google.com&amp;ctz=America%2FLos_Angeles\" style=\"border: 0\" scrolling=\"no\" width=\"800\" height=\"600\" frameborder=\"0\"><\/iframe>\n\n\n\n<p><\/p>\n","protected":false},"excerpt":{"rendered":"<p>Informaci\u00f3n de contacto, direcciones y ubicaci\u00f3n Direcci\u00f3n: 703 Pacific Avenue, Santa Cruz, California Tel\u00e9fono: (831) 200-0740 Correo electr\u00f3nico: info@wpsetup.local Estamos justo al lado de Bike Church en el lado que da a Spruce St de la esquina de Pacific\/Spruce Street. IMPORTANTE &#8211; Cuando nos contacte: Recibimos un gran volumen de llamadas y correos electr\u00f3nicos. Nuestros [&hellip;]<\/p>\n","protected":false},"author":3,"featured_media":0,"parent":0,"menu_order":0,"comment_status":"closed","ping_status":"closed","template":"","meta":{"footnotes":""},"class_list":["post-399","page","type-page","status-publish","hentry","entry"],"yoast_head":"<!-- This site is optimized with the Yoast SEO plugin v27.2 - https:\/\/yoast.com\/product\/yoast-seo-wordpress\/ -->\n<title>En contacto con nosotros - Tenant Sanctuary<\/title>\n<meta name=\"robots\" content=\"index, follow, max-snippet:-1, max-image-preview:large, max-video-preview:-1\" \/>\n<link rel=\"canonical\" href=\"https:\/\/tenantsanctuary.org\/es\/contact-us-2-2\/\" \/>\n<meta property=\"og:locale\" content=\"es_ES\" \/>\n<meta property=\"og:type\" content=\"article\" \/>\n<meta property=\"og:title\" content=\"En contacto con nosotros - Tenant Sanctuary\" \/>\n<meta property=\"og:description\" content=\"Informaci\u00f3n de contacto, direcciones y ubicaci\u00f3n Direcci\u00f3n: 703 Pacific Avenue, Santa Cruz, California Tel\u00e9fono: (831) 200-0740 Correo electr\u00f3nico: info@wpsetup.local Estamos justo al lado de Bike Church en el lado que da a Spruce St de la esquina de Pacific\/Spruce Street. IMPORTANTE &#8211; Cuando nos contacte: Recibimos un gran volumen de llamadas y correos electr\u00f3nicos. Nuestros [&hellip;]\" \/>\n<meta property=\"og:url\" content=\"https:\/\/tenantsanctuary.org\/es\/contact-us-2-2\/\" \/>\n<meta property=\"og:site_name\" content=\"Tenant Sanctuary\" \/>\n<meta property=\"article:modified_time\" content=\"2025-04-10T00:43:28+00:00\" \/>\n<meta property=\"og:image\" content=\"https:\/\/tenantsanctuary.org\/wp-content\/uploads\/2020\/05\/Screen-Shot-2020-05-21-at-12.30.55-PM.png\" \/>\n<meta name=\"twitter:card\" content=\"summary_large_image\" \/>\n<meta name=\"twitter:label1\" content=\"Tiempo de lectura\" \/>\n\t<meta name=\"twitter:data1\" content=\"1 minuto\" \/>\n<script type=\"application\/ld+json\" class=\"yoast-schema-graph\">{\"@context\":\"https:\/\/schema.org\",\"@graph\":[{\"@type\":\"WebPage\",\"@id\":\"https:\/\/tenantsanctuary.org\/es\/contact-us-2-2\/\",\"url\":\"https:\/\/tenantsanctuary.org\/es\/contact-us-2-2\/\",\"name\":\"En contacto con nosotros - Tenant Sanctuary\",\"isPartOf\":{\"@id\":\"https:\/\/tenantsanctuary.org\/es\/#website\"},\"primaryImageOfPage\":{\"@id\":\"https:\/\/tenantsanctuary.org\/es\/contact-us-2-2\/#primaryimage\"},\"image\":{\"@id\":\"https:\/\/tenantsanctuary.org\/es\/contact-us-2-2\/#primaryimage\"},\"thumbnailUrl\":\"https:\/\/tenantsanctuary.org\/wp-content\/uploads\/2020\/05\/Screen-Shot-2020-05-21-at-12.30.55-PM.png\",\"datePublished\":\"2020-05-21T19:41:30+00:00\",\"dateModified\":\"2025-04-10T00:43:28+00:00\",\"breadcrumb\":{\"@id\":\"https:\/\/tenantsanctuary.org\/es\/contact-us-2-2\/#breadcrumb\"},\"inLanguage\":\"es\",\"potentialAction\":[{\"@type\":\"ReadAction\",\"target\":[\"https:\/\/tenantsanctuary.org\/es\/contact-us-2-2\/\"]}]},{\"@type\":\"ImageObject\",\"inLanguage\":\"es\",\"@id\":\"https:\/\/tenantsanctuary.org\/es\/contact-us-2-2\/#primaryimage\",\"url\":\"https:\/\/tenantsanctuary.org\/wp-content\/uploads\/2020\/05\/Screen-Shot-2020-05-21-at-12.30.55-PM.png\",\"contentUrl\":\"https:\/\/tenantsanctuary.org\/wp-content\/uploads\/2020\/05\/Screen-Shot-2020-05-21-at-12.30.55-PM.png\"},{\"@type\":\"BreadcrumbList\",\"@id\":\"https:\/\/tenantsanctuary.org\/es\/contact-us-2-2\/#breadcrumb\",\"itemListElement\":[{\"@type\":\"ListItem\",\"position\":1,\"name\":\"Home\",\"item\":\"https:\/\/tenantsanctuary.org\/es\/\"},{\"@type\":\"ListItem\",\"position\":2,\"name\":\"En contacto con nosotros\"}]},{\"@type\":\"WebSite\",\"@id\":\"https:\/\/tenantsanctuary.org\/es\/#website\",\"url\":\"https:\/\/tenantsanctuary.org\/es\/\",\"name\":\"Tenant Sanctuary\",\"description\":\"\",\"publisher\":{\"@id\":\"https:\/\/tenantsanctuary.org\/es\/#organization\"},\"potentialAction\":[{\"@type\":\"SearchAction\",\"target\":{\"@type\":\"EntryPoint\",\"urlTemplate\":\"https:\/\/tenantsanctuary.org\/es\/?s={search_term_string}\"},\"query-input\":{\"@type\":\"PropertyValueSpecification\",\"valueRequired\":true,\"valueName\":\"search_term_string\"}}],\"inLanguage\":\"es\"},{\"@type\":\"Organization\",\"@id\":\"https:\/\/tenantsanctuary.org\/es\/#organization\",\"name\":\"Tenant Sanctuary\",\"url\":\"https:\/\/tenantsanctuary.org\/es\/\",\"logo\":{\"@type\":\"ImageObject\",\"inLanguage\":\"es\",\"@id\":\"https:\/\/tenantsanctuary.org\/es\/#\/schema\/logo\/image\/\",\"url\":\"https:\/\/tenantsanctuary.org\/wp-content\/uploads\/2020\/06\/logo-e1591388583611.png\",\"contentUrl\":\"https:\/\/tenantsanctuary.org\/wp-content\/uploads\/2020\/06\/logo-e1591388583611.png\",\"width\":200,\"height\":80,\"caption\":\"Tenant Sanctuary\"},\"image\":{\"@id\":\"https:\/\/tenantsanctuary.org\/es\/#\/schema\/logo\/image\/\"}}]}<\/script>\n<!-- \/ Yoast SEO plugin. -->","yoast_head_json":{"title":"En contacto con nosotros - Tenant Sanctuary","robots":{"index":"index","follow":"follow","max-snippet":"max-snippet:-1","max-image-preview":"max-image-preview:large","max-video-preview":"max-video-preview:-1"},"canonical":"https:\/\/tenantsanctuary.org\/es\/contact-us-2-2\/","og_locale":"es_ES","og_type":"article","og_title":"En contacto con nosotros - Tenant Sanctuary","og_description":"Informaci\u00f3n de contacto, direcciones y ubicaci\u00f3n Direcci\u00f3n: 703 Pacific Avenue, Santa Cruz, California Tel\u00e9fono: (831) 200-0740 Correo electr\u00f3nico: info@wpsetup.local Estamos justo al lado de Bike Church en el lado que da a Spruce St de la esquina de Pacific\/Spruce Street. IMPORTANTE &#8211; Cuando nos contacte: Recibimos un gran volumen de llamadas y correos electr\u00f3nicos. Nuestros [&hellip;]","og_url":"https:\/\/tenantsanctuary.org\/es\/contact-us-2-2\/","og_site_name":"Tenant Sanctuary","article_modified_time":"2025-04-10T00:43:28+00:00","og_image":[{"url":"https:\/\/tenantsanctuary.org\/wp-content\/uploads\/2020\/05\/Screen-Shot-2020-05-21-at-12.30.55-PM.png","type":"","width":"","height":""}],"twitter_card":"summary_large_image","twitter_misc":{"Tiempo de lectura":"1 minuto"},"schema":{"@context":"https:\/\/schema.org","@graph":[{"@type":"WebPage","@id":"https:\/\/tenantsanctuary.org\/es\/contact-us-2-2\/","url":"https:\/\/tenantsanctuary.org\/es\/contact-us-2-2\/","name":"En contacto con nosotros - Tenant Sanctuary","isPartOf":{"@id":"https:\/\/tenantsanctuary.org\/es\/#website"},"primaryImageOfPage":{"@id":"https:\/\/tenantsanctuary.org\/es\/contact-us-2-2\/#primaryimage"},"image":{"@id":"https:\/\/tenantsanctuary.org\/es\/contact-us-2-2\/#primaryimage"},"thumbnailUrl":"https:\/\/tenantsanctuary.org\/wp-content\/uploads\/2020\/05\/Screen-Shot-2020-05-21-at-12.30.55-PM.png","datePublished":"2020-05-21T19:41:30+00:00","dateModified":"2025-04-10T00:43:28+00:00","breadcrumb":{"@id":"https:\/\/tenantsanctuary.org\/es\/contact-us-2-2\/#breadcrumb"},"inLanguage":"es","potentialAction":[{"@type":"ReadAction","target":["https:\/\/tenantsanctuary.org\/es\/contact-us-2-2\/"]}]},{"@type":"ImageObject","inLanguage":"es","@id":"https:\/\/tenantsanctuary.org\/es\/contact-us-2-2\/#primaryimage","url":"https:\/\/tenantsanctuary.org\/wp-content\/uploads\/2020\/05\/Screen-Shot-2020-05-21-at-12.30.55-PM.png","contentUrl":"https:\/\/tenantsanctuary.org\/wp-content\/uploads\/2020\/05\/Screen-Shot-2020-05-21-at-12.30.55-PM.png"},{"@type":"BreadcrumbList","@id":"https:\/\/tenantsanctuary.org\/es\/contact-us-2-2\/#breadcrumb","itemListElement":[{"@type":"ListItem","position":1,"name":"Home","item":"https:\/\/tenantsanctuary.org\/es\/"},{"@type":"ListItem","position":2,"name":"En contacto con nosotros"}]},{"@type":"WebSite","@id":"https:\/\/tenantsanctuary.org\/es\/#website","url":"https:\/\/tenantsanctuary.org\/es\/","name":"Tenant Sanctuary","description":"","publisher":{"@id":"https:\/\/tenantsanctuary.org\/es\/#organization"},"potentialAction":[{"@type":"SearchAction","target":{"@type":"EntryPoint","urlTemplate":"https:\/\/tenantsanctuary.org\/es\/?s={search_term_string}"},"query-input":{"@type":"PropertyValueSpecification","valueRequired":true,"valueName":"search_term_string"}}],"inLanguage":"es"},{"@type":"Organization","@id":"https:\/\/tenantsanctuary.org\/es\/#organization","name":"Tenant Sanctuary","url":"https:\/\/tenantsanctuary.org\/es\/","logo":{"@type":"ImageObject","inLanguage":"es","@id":"https:\/\/tenantsanctuary.org\/es\/#\/schema\/logo\/image\/","url":"https:\/\/tenantsanctuary.org\/wp-content\/uploads\/2020\/06\/logo-e1591388583611.png","contentUrl":"https:\/\/tenantsanctuary.org\/wp-content\/uploads\/2020\/06\/logo-e1591388583611.png","width":200,"height":80,"caption":"Tenant Sanctuary"},"image":{"@id":"https:\/\/tenantsanctuary.org\/es\/#\/schema\/logo\/image\/"}}]}},"post_mailing_queue_ids":[],"_links":{"self":[{"href":"https:\/\/tenantsanctuary.org\/es\/wp-json\/wp\/v2\/pages\/399","targetHints":{"allow":["GET"]}}],"collection":[{"href":"https:\/\/tenantsanctuary.org\/es\/wp-json\/wp\/v2\/pages"}],"about":[{"href":"https:\/\/tenantsanctuary.org\/es\/wp-json\/wp\/v2\/types\/page"}],"author":[{"embeddable":true,"href":"https:\/\/tenantsanctuary.org\/es\/wp-json\/wp\/v2\/users\/3"}],"replies":[{"embeddable":true,"href":"https:\/\/tenantsanctuary.org\/es\/wp-json\/wp\/v2\/comments?post=399"}],"version-history":[{"count":5,"href":"https:\/\/tenantsanctuary.org\/es\/wp-json\/wp\/v2\/pages\/399\/revisions"}],"predecessor-version":[{"id":1120,"href":"https:\/\/tenantsanctuary.org\/es\/wp-json\/wp\/v2\/pages\/399\/revisions\/1120"}],"wp:attachment":[{"href":"https:\/\/tenantsanctuary.org\/es\/wp-json\/wp\/v2\/media?parent=399"}],"curies":[{"name":"wp","href":"https:\/\/api.w.org\/{rel}","templated":true}]}}