{"id":691,"date":"2026-03-24T12:13:36","date_gmt":"2026-03-24T19:13:36","guid":{"rendered":"https:\/\/tenantsanctuary.org\/tenant-sanctuary-english\/"},"modified":"2026-03-25T12:13:39","modified_gmt":"2026-03-25T19:13:39","slug":"tenant-sanctuary-english","status":"publish","type":"page","link":"https:\/\/tenantsanctuary.org\/es\/","title":{"rendered":"Bienvenidos al Santuario de Inquilinos"},"content":{"rendered":"\n<p style=\"font-size:32px;text-transform:none\"><p style=\"font-size:32px;text-transform:none\"><em><strong> <\/strong><\/em><\/p><\/p>\n\n\n\n<div class=\"wp-block-columns is-layout-flex wp-container-core-columns-is-layout-9d6595d7 wp-block-columns-is-layout-flex\">\n<div class=\"wp-block-column is-layout-flow wp-block-column-is-layout-flow\">\n<div class=\"wp-block-columns is-layout-flex wp-container-core-columns-is-layout-9d6595d7 wp-block-columns-is-layout-flex\">\n<div class=\"wp-block-column is-layout-flow wp-block-column-is-layout-flow\">\n<p style=\"font-size:34px\"><em><strong>  Lo que hacemos <\/strong><\/em><\/p>\n<\/div>\n\n\n\n<div class=\"wp-block-column is-layout-flow wp-block-column-is-layout-flow\">\n<hr class=\"wp-block-separator has-text-color has-cyan-bluish-gray-color has-alpha-channel-opacity has-cyan-bluish-gray-background-color has-background is-style-wide\"\/>\n<\/div>\n<\/div>\n\n\n\n<div class=\"wp-block-columns are-vertically-aligned-top is-layout-flex wp-container-core-columns-is-layout-9d6595d7 wp-block-columns-is-layout-flex\">\n<div class=\"wp-block-column is-vertically-aligned-top is-layout-flow wp-block-column-is-layout-flow\">\n<figure class=\"wp-block-image size-full is-style-default\"><img decoding=\"async\" src=\"https:\/\/tenantsanctuary.org\/wp-content\/uploads\/2020\/05\/Spanish-Flyers.jpg\" alt=\"\" class=\"wp-image-727\" style=\"object-fit:cover\"\/><\/figure>\n<\/div>\n\n\n\n<div class=\"wp-block-column is-vertically-aligned-top is-layout-flow wp-block-column-is-layout-flow\">\n<p style=\"font-size:19px\">Santuario de Inquilinos es un proyecto de EDUCACI\u00d3N SOBRE LOS DERECHOS DE LOS INQUILINOS. Ofrecemos asesoramiento sobre sus derechos en persona, por tel\u00e9fono y por correo electr\u00f3nico. \u00bfTiene preguntas sobre sus derechos en relaci\u00f3n con los aumentos de alquiler? \u00bfDesalojos? \u00bfDep\u00f3sitos de seguridad? \u00bfHabitabilidad? \u00a1Cont\u00e1ctenos!<\/p>\n<\/div>\n\n\n\n<div class=\"wp-block-column is-vertically-aligned-top is-layout-flow wp-block-column-is-layout-flow\">\n<p style=\"font-size:19px\">Si llama fuera de nuestro horario de atenci\u00f3n, deje un mensaje de voz con su nombre, informaci\u00f3n de contacto y una breve descripci\u00f3n de su problema. Recibimos una gran cantidad de inquilinos y haremos todo lo posible por comunicarnos con usted lo antes posible. Puede encontrar nuestra informaci\u00f3n de contacto en la pesta\u00f1a \u00abCont\u00e1ctenos\u00bb que aparece arriba.<\/p>\n<\/div>\n<\/div>\n<\/div>\n<\/div>\n\n\n\n<p class=\"has-medium-font-size\"><\/p>\n\n\n\n<p class=\"has-text-align-center has-luminous-vivid-amber-to-luminous-vivid-orange-gradient-background has-background has-medium-font-size\"><strong>Horas semanales de asesoramiento sin cita previa<\/strong><\/p>\n\n\n\n<p class=\"has-text-align-left has-medium-font-size\"><strong>Consulte el calendario a continuaci\u00f3n<\/strong> para conocer el horario m\u00e1s actualizado. Somos un proyecto peque\u00f1o y estamos sujetos a cambios de horario de \u00faltima hora.<\/p>\n\n\n\n<p><mark style=\"background-color:#fcb900\" class=\"has-inline-color\"><strong>Oficina de Tenant Sanctuary en 703 Pacific Avenue<br><\/strong><\/mark>Lunes de 12:00pm a 6:00pm<br>Mi\u00e9rcoles de 9:00am a 3:00pm<\/p>\n\n\n\n<p><strong><mark style=\"background-color:#fcb900\" class=\"has-inline-color has-black-color\"><strong><mark style=\"background-color:#fcb900\" class=\"has-inline-color\">Live Oak Community Resources at 1740 17th Avenue<\/mark><\/strong><\/mark><br><\/strong>El primer Lunes de cada mes de 9am to 12pm <\/p>\n\n\n\n<p class=\"has-text-align-left\" style=\"font-size:16px\"><strong><mark style=\"background-color:#fcb900\" class=\"has-inline-color\">Horario exclusivo para estudiantes de UCSC:<\/mark><\/strong> mi\u00e9rcoles por la ma\u00f1ana en Redwood Free Market o Cowell Coffee Shop. Consulte el calendario a continuaci\u00f3n para ver las fechas y horarios.<\/p>\n\n\n\n<p class=\"has-text-align-center has-medium-font-size\"><\/p>\n\n\n\n<div class=\"wp-block-columns is-layout-flex wp-container-core-columns-is-layout-9d6595d7 wp-block-columns-is-layout-flex\">\n<div class=\"wp-block-column is-layout-flow wp-block-column-is-layout-flow\">\n<p><\/p>\n<\/div>\n<\/div>\n\n\n\n<div class=\"wp-block-group\"><div class=\"wp-block-group__inner-container is-layout-flow wp-block-group-is-layout-flow\">\n<figure class=\"wp-block-gallery has-nested-images columns-3 is-cropped wp-block-gallery-1 is-layout-flex wp-block-gallery-is-layout-flex\">\n<figure class=\"wp-block-image size-full\"><a href=\"https:\/\/tenantsanctuary.org\/wp-content\/uploads\/2022\/09\/location-image.jpg\"><img loading=\"lazy\" decoding=\"async\" width=\"931\" height=\"720\" data-id=\"820\" src=\"https:\/\/tenantsanctuary.org\/wp-content\/uploads\/2022\/09\/location-image.jpg\" alt=\"\" class=\"wp-image-820\" srcset=\"https:\/\/tenantsanctuary.org\/wp-content\/uploads\/2022\/09\/location-image.jpg 931w, https:\/\/tenantsanctuary.org\/wp-content\/uploads\/2022\/09\/location-image-300x232.jpg 300w, https:\/\/tenantsanctuary.org\/wp-content\/uploads\/2022\/09\/location-image-768x594.jpg 768w, https:\/\/tenantsanctuary.org\/wp-content\/uploads\/2022\/09\/location-image-24x19.jpg 24w, https:\/\/tenantsanctuary.org\/wp-content\/uploads\/2022\/09\/location-image-36x28.jpg 36w, https:\/\/tenantsanctuary.org\/wp-content\/uploads\/2022\/09\/location-image-48x37.jpg 48w\" sizes=\"auto, (max-width: 931px) 100vw, 931px\" \/><\/a><\/figure>\n<\/figure>\n<\/div><\/div>\n\n\n\n<h2 class=\"wp-block-heading has-text-align-center has-luminous-vivid-amber-to-luminous-vivid-orange-gradient-background has-background\">Nuestra misi\u00f3n<\/h2>\n\n\n\n<p class=\"has-text-align-center\">The Tenant Sanctuary trabaja para empoderar a los inquilinos educ\u00e1ndolos sobre sus derechos y proporcion\u00e1ndoles las herramientas para ejercer esos derechos. <a rel=\"noopener noreferrer\" href=\"https:\/\/www.canva.com\/design\/DADt3JbZ83k\/view?utm_content=DADt3JbZ83k&amp;utm_campaign=designshare&amp;utm_medium=embeds&amp;utm_source=link\" target=\"_blank\"><\/a><\/p>\n\n\n\n<h2 class=\"wp-block-heading has-text-align-center has-luminous-vivid-amber-to-luminous-vivid-orange-gradient-background has-background has-large-font-size\"><strong>Calendario de horarios y eventos<\/strong><\/h2>\n\n\n\n<p class=\"has-text-align-center\">Verifique cu\u00e1ndo tendremos horarios de asesoramiento, cl\u00ednicas legales u otros eventos p\u00fablicos.<\/p>\n\n\n\n<iframe loading=\"lazy\" src=\"https:\/\/calendar.google.com\/calendar\/embed?src=vu5kl27svglh3td4ah2n41f1a8%40group.calendar.google.com&#038;ctz=America%2FLos_Angeles\" style=\"border: 0\" scrolling=\"no\" width=\"800\" height=\"600\" frameborder=\"0\"><\/iframe>\n\n\n\n<div class=\"wp-block-group\"><div class=\"wp-block-group__inner-container is-layout-flow wp-block-group-is-layout-flow\"><\/div><\/div>\n\n\n\n<p class=\"has-text-align-center\"><strong>Santuario Inquilino no ofrece representaci\u00f3n legal, pero nuestro consejeros puede asistirle entender y afirmar su derechos de inquilinos.<\/strong><\/p>\n\n\n\n<p class=\"has-text-align-center\">Cont\u00e1ctenos para m\u00e1s informaci\u00f3n<strong> :<\/strong> (831) 200 &#8211; 0740 o info@wpsetup.local<\/p>\n\n\n\n<h2 class=\"wp-block-heading has-text-align-left has-luminous-vivid-amber-background-color has-background\" style=\"font-size:16px;font-style:normal;font-weight:500\">Santuario de Inquilinos es un proyecto financiado con fondos p\u00fablicos por el <a href=\"https:\/\/www.santacruzhub.org\/\">Hub for Sustainable Living<\/a>, un centro comunitario y una organizaci\u00f3n sin fines de lucro 501(c)3 con sede en Santa Cruz, California. La vida sostenible incluye el desarrollo de habilidades, la reutilizaci\u00f3n adecuada y asequible de recursos, el transporte impulsado por personas, el fomento de la solidaridad entre las comunidades y el fomento de la cultura creativa. El Hub apoya una constelaci\u00f3n de proyectos independientes e interrelacionados, proporcionando espacio en su centro comunitario y\/o con patrocinio p\u00fablico como organizaci\u00f3n paraguas sin fines de lucro. Los proyectos del Hub brindan acceso a espacio, recursos y oportunidades educativas mediante demostraciones, actividades de divulgaci\u00f3n y aprendizaje pr\u00e1ctico.<\/h2>\n\n\n\n<p><\/p>\n","protected":false},"excerpt":{"rendered":"<p>Lo que hacemos Santuario de Inquilinos es un proyecto de EDUCACI\u00d3N SOBRE LOS DERECHOS DE LOS INQUILINOS. Ofrecemos asesoramiento sobre sus derechos en persona, por tel\u00e9fono y por correo electr\u00f3nico. \u00bfTiene preguntas sobre sus derechos en relaci\u00f3n con los aumentos de alquiler? \u00bfDesalojos? \u00bfDep\u00f3sitos de seguridad? \u00bfHabitabilidad? \u00a1Cont\u00e1ctenos! Si llama fuera de nuestro horario de [&hellip;]<\/p>\n","protected":false},"author":3,"featured_media":0,"parent":0,"menu_order":0,"comment_status":"closed","ping_status":"closed","template":"","meta":{"footnotes":""},"class_list":["post-691","page","type-page","status-publish","hentry","entry"],"yoast_head":"<!-- This site is optimized with the Yoast SEO plugin v27.2 - https:\/\/yoast.com\/product\/yoast-seo-wordpress\/ -->\n<title>Bienvenidos al Santuario de Inquilinos - Tenant Sanctuary<\/title>\n<meta name=\"robots\" content=\"index, follow, max-snippet:-1, max-image-preview:large, max-video-preview:-1\" \/>\n<link rel=\"canonical\" href=\"https:\/\/tenantsanctuary.org\/es\/\" \/>\n<meta property=\"og:locale\" content=\"es_ES\" \/>\n<meta property=\"og:type\" content=\"article\" \/>\n<meta property=\"og:title\" content=\"Bienvenidos al Santuario de Inquilinos - Tenant Sanctuary\" \/>\n<meta property=\"og:description\" content=\"Lo que hacemos Santuario de Inquilinos es un proyecto de EDUCACI\u00d3N SOBRE LOS DERECHOS DE LOS INQUILINOS. Ofrecemos asesoramiento sobre sus derechos en persona, por tel\u00e9fono y por correo electr\u00f3nico. \u00bfTiene preguntas sobre sus derechos en relaci\u00f3n con los aumentos de alquiler? \u00bfDesalojos? \u00bfDep\u00f3sitos de seguridad? \u00bfHabitabilidad? \u00a1Cont\u00e1ctenos! Si llama fuera de nuestro horario de [&hellip;]\" \/>\n<meta property=\"og:url\" content=\"https:\/\/tenantsanctuary.org\/es\/\" \/>\n<meta property=\"og:site_name\" content=\"Tenant Sanctuary\" \/>\n<meta property=\"article:modified_time\" content=\"2026-03-25T19:13:39+00:00\" \/>\n<meta name=\"twitter:card\" content=\"summary_large_image\" \/>\n<meta name=\"twitter:label1\" content=\"Tiempo de lectura\" \/>\n\t<meta name=\"twitter:data1\" content=\"3 minutos\" \/>\n<script type=\"application\/ld+json\" class=\"yoast-schema-graph\">{\"@context\":\"https:\/\/schema.org\",\"@graph\":[{\"@type\":\"WebPage\",\"@id\":\"https:\/\/tenantsanctuary.org\/es\/\",\"url\":\"https:\/\/tenantsanctuary.org\/es\/\",\"name\":\"Bienvenidos al Santuario de Inquilinos - Tenant Sanctuary\",\"isPartOf\":{\"@id\":\"https:\/\/tenantsanctuary.org\/es\/#website\"},\"primaryImageOfPage\":{\"@id\":\"https:\/\/tenantsanctuary.org\/es\/#primaryimage\"},\"image\":{\"@id\":\"https:\/\/tenantsanctuary.org\/es\/#primaryimage\"},\"thumbnailUrl\":\"https:\/\/tenantsanctuary.org\/wp-content\/uploads\/2020\/05\/Spanish-Flyers.jpg\",\"datePublished\":\"2026-03-24T19:13:36+00:00\",\"dateModified\":\"2026-03-25T19:13:39+00:00\",\"breadcrumb\":{\"@id\":\"https:\/\/tenantsanctuary.org\/es\/#breadcrumb\"},\"inLanguage\":\"es\",\"potentialAction\":[{\"@type\":\"ReadAction\",\"target\":[\"https:\/\/tenantsanctuary.org\/es\/\"]}]},{\"@type\":\"ImageObject\",\"inLanguage\":\"es\",\"@id\":\"https:\/\/tenantsanctuary.org\/es\/#primaryimage\",\"url\":\"https:\/\/tenantsanctuary.org\/wp-content\/uploads\/2020\/05\/Spanish-Flyers.jpg\",\"contentUrl\":\"https:\/\/tenantsanctuary.org\/wp-content\/uploads\/2020\/05\/Spanish-Flyers.jpg\"},{\"@type\":\"BreadcrumbList\",\"@id\":\"https:\/\/tenantsanctuary.org\/es\/#breadcrumb\",\"itemListElement\":[{\"@type\":\"ListItem\",\"position\":1,\"name\":\"Home\",\"item\":\"https:\/\/tenantsanctuary.org\/es\/\"},{\"@type\":\"ListItem\",\"position\":2,\"name\":\"Bienvenidos al Santuario de Inquilinos\"}]},{\"@type\":\"WebSite\",\"@id\":\"https:\/\/tenantsanctuary.org\/es\/#website\",\"url\":\"https:\/\/tenantsanctuary.org\/es\/\",\"name\":\"Tenant Sanctuary\",\"description\":\"\",\"publisher\":{\"@id\":\"https:\/\/tenantsanctuary.org\/es\/#organization\"},\"potentialAction\":[{\"@type\":\"SearchAction\",\"target\":{\"@type\":\"EntryPoint\",\"urlTemplate\":\"https:\/\/tenantsanctuary.org\/es\/?s={search_term_string}\"},\"query-input\":{\"@type\":\"PropertyValueSpecification\",\"valueRequired\":true,\"valueName\":\"search_term_string\"}}],\"inLanguage\":\"es\"},{\"@type\":\"Organization\",\"@id\":\"https:\/\/tenantsanctuary.org\/es\/#organization\",\"name\":\"Tenant Sanctuary\",\"url\":\"https:\/\/tenantsanctuary.org\/es\/\",\"logo\":{\"@type\":\"ImageObject\",\"inLanguage\":\"es\",\"@id\":\"https:\/\/tenantsanctuary.org\/es\/#\/schema\/logo\/image\/\",\"url\":\"https:\/\/tenantsanctuary.org\/wp-content\/uploads\/2020\/06\/logo-e1591388583611.png\",\"contentUrl\":\"https:\/\/tenantsanctuary.org\/wp-content\/uploads\/2020\/06\/logo-e1591388583611.png\",\"width\":200,\"height\":80,\"caption\":\"Tenant Sanctuary\"},\"image\":{\"@id\":\"https:\/\/tenantsanctuary.org\/es\/#\/schema\/logo\/image\/\"}}]}<\/script>\n<!-- \/ Yoast SEO plugin. -->","yoast_head_json":{"title":"Bienvenidos al Santuario de Inquilinos - Tenant Sanctuary","robots":{"index":"index","follow":"follow","max-snippet":"max-snippet:-1","max-image-preview":"max-image-preview:large","max-video-preview":"max-video-preview:-1"},"canonical":"https:\/\/tenantsanctuary.org\/es\/","og_locale":"es_ES","og_type":"article","og_title":"Bienvenidos al Santuario de Inquilinos - Tenant Sanctuary","og_description":"Lo que hacemos Santuario de Inquilinos es un proyecto de EDUCACI\u00d3N SOBRE LOS DERECHOS DE LOS INQUILINOS. Ofrecemos asesoramiento sobre sus derechos en persona, por tel\u00e9fono y por correo electr\u00f3nico. \u00bfTiene preguntas sobre sus derechos en relaci\u00f3n con los aumentos de alquiler? \u00bfDesalojos? \u00bfDep\u00f3sitos de seguridad? \u00bfHabitabilidad? \u00a1Cont\u00e1ctenos! Si llama fuera de nuestro horario de [&hellip;]","og_url":"https:\/\/tenantsanctuary.org\/es\/","og_site_name":"Tenant Sanctuary","article_modified_time":"2026-03-25T19:13:39+00:00","twitter_card":"summary_large_image","twitter_misc":{"Tiempo de lectura":"3 minutos"},"schema":{"@context":"https:\/\/schema.org","@graph":[{"@type":"WebPage","@id":"https:\/\/tenantsanctuary.org\/es\/","url":"https:\/\/tenantsanctuary.org\/es\/","name":"Bienvenidos al Santuario de Inquilinos - Tenant Sanctuary","isPartOf":{"@id":"https:\/\/tenantsanctuary.org\/es\/#website"},"primaryImageOfPage":{"@id":"https:\/\/tenantsanctuary.org\/es\/#primaryimage"},"image":{"@id":"https:\/\/tenantsanctuary.org\/es\/#primaryimage"},"thumbnailUrl":"https:\/\/tenantsanctuary.org\/wp-content\/uploads\/2020\/05\/Spanish-Flyers.jpg","datePublished":"2026-03-24T19:13:36+00:00","dateModified":"2026-03-25T19:13:39+00:00","breadcrumb":{"@id":"https:\/\/tenantsanctuary.org\/es\/#breadcrumb"},"inLanguage":"es","potentialAction":[{"@type":"ReadAction","target":["https:\/\/tenantsanctuary.org\/es\/"]}]},{"@type":"ImageObject","inLanguage":"es","@id":"https:\/\/tenantsanctuary.org\/es\/#primaryimage","url":"https:\/\/tenantsanctuary.org\/wp-content\/uploads\/2020\/05\/Spanish-Flyers.jpg","contentUrl":"https:\/\/tenantsanctuary.org\/wp-content\/uploads\/2020\/05\/Spanish-Flyers.jpg"},{"@type":"BreadcrumbList","@id":"https:\/\/tenantsanctuary.org\/es\/#breadcrumb","itemListElement":[{"@type":"ListItem","position":1,"name":"Home","item":"https:\/\/tenantsanctuary.org\/es\/"},{"@type":"ListItem","position":2,"name":"Bienvenidos al Santuario de Inquilinos"}]},{"@type":"WebSite","@id":"https:\/\/tenantsanctuary.org\/es\/#website","url":"https:\/\/tenantsanctuary.org\/es\/","name":"Tenant Sanctuary","description":"","publisher":{"@id":"https:\/\/tenantsanctuary.org\/es\/#organization"},"potentialAction":[{"@type":"SearchAction","target":{"@type":"EntryPoint","urlTemplate":"https:\/\/tenantsanctuary.org\/es\/?s={search_term_string}"},"query-input":{"@type":"PropertyValueSpecification","valueRequired":true,"valueName":"search_term_string"}}],"inLanguage":"es"},{"@type":"Organization","@id":"https:\/\/tenantsanctuary.org\/es\/#organization","name":"Tenant Sanctuary","url":"https:\/\/tenantsanctuary.org\/es\/","logo":{"@type":"ImageObject","inLanguage":"es","@id":"https:\/\/tenantsanctuary.org\/es\/#\/schema\/logo\/image\/","url":"https:\/\/tenantsanctuary.org\/wp-content\/uploads\/2020\/06\/logo-e1591388583611.png","contentUrl":"https:\/\/tenantsanctuary.org\/wp-content\/uploads\/2020\/06\/logo-e1591388583611.png","width":200,"height":80,"caption":"Tenant Sanctuary"},"image":{"@id":"https:\/\/tenantsanctuary.org\/es\/#\/schema\/logo\/image\/"}}]}},"post_mailing_queue_ids":[],"_links":{"self":[{"href":"https:\/\/tenantsanctuary.org\/es\/wp-json\/wp\/v2\/pages\/691","targetHints":{"allow":["GET"]}}],"collection":[{"href":"https:\/\/tenantsanctuary.org\/es\/wp-json\/wp\/v2\/pages"}],"about":[{"href":"https:\/\/tenantsanctuary.org\/es\/wp-json\/wp\/v2\/types\/page"}],"author":[{"embeddable":true,"href":"https:\/\/tenantsanctuary.org\/es\/wp-json\/wp\/v2\/users\/3"}],"replies":[{"embeddable":true,"href":"https:\/\/tenantsanctuary.org\/es\/wp-json\/wp\/v2\/comments?post=691"}],"version-history":[{"count":37,"href":"https:\/\/tenantsanctuary.org\/es\/wp-json\/wp\/v2\/pages\/691\/revisions"}],"predecessor-version":[{"id":1169,"href":"https:\/\/tenantsanctuary.org\/es\/wp-json\/wp\/v2\/pages\/691\/revisions\/1169"}],"wp:attachment":[{"href":"https:\/\/tenantsanctuary.org\/es\/wp-json\/wp\/v2\/media?parent=691"}],"curies":[{"name":"wp","href":"https:\/\/api.w.org\/{rel}","templated":true}]}}